{"id":4104,"date":"2024-12-10T14:15:45","date_gmt":"2024-12-10T14:15:11","guid":{"rendered":"https:\/\/exakt-personal.i-media-design.de\/?page_id=4104"},"modified":"2024-12-10T14:22:30","modified_gmt":"2024-12-10T14:22:30","slug":"datenshutz","status":"publish","type":"page","link":"https:\/\/exakt-personal.de\/es\/datenshutz\/","title":{"rendered":"Protecci\u00f3n de datos"},"content":{"rendered":"<div data-elementor-type=\"wp-page\" data-elementor-id=\"4104\" class=\"elementor elementor-4104\" data-elementor-post-type=\"page\">\n\t\t\t\t\t\t<section class=\"elementor-section elementor-top-section elementor-element elementor-element-74bcef2c elementor-section-boxed elementor-section-height-default elementor-section-height-default\" data-id=\"74bcef2c\" data-element_type=\"section\" data-e-type=\"section\" data-settings=\"{&quot;background_background&quot;:&quot;classic&quot;}\">\n\t\t\t\t\t\t<div class=\"elementor-container elementor-column-gap-wider\">\n\t\t\t\t\t<div class=\"elementor-column elementor-col-100 elementor-top-column elementor-element elementor-element-47709e24\" data-id=\"47709e24\" data-element_type=\"column\" data-e-type=\"column\">\n\t\t\t<div class=\"elementor-widget-wrap elementor-element-populated\">\n\t\t\t\t\t\t<div class=\"elementor-element elementor-element-77a099c5 elementor-tabs-view-horizontal elementor-widget elementor-widget-tabs\" data-id=\"77a099c5\" data-element_type=\"widget\" data-e-type=\"widget\" data-widget_type=\"tabs.default\">\n\t\t\t\t<div class=\"elementor-widget-container\">\n\t\t\t\t\t\t\t<div class=\"elementor-tabs\">\n\t\t\t<div class=\"elementor-tabs-wrapper\" role=\"tablist\" >\n\t\t\t\t\t\t\t\t\t<div id=\"elementor-tab-title-2001\" class=\"elementor-tab-title elementor-tab-desktop-title\" aria-selected=\"true\" data-tab=\"1\" role=\"tab\" tabindex=\"0\" aria-controls=\"elementor-tab-content-2001\" aria-expanded=\"false\">USTED EST\u00c1 AQU\u00cd:<\/div>\n\t\t\t\t\t\t\t\t\t<div id=\"elementor-tab-title-2002\" class=\"elementor-tab-title elementor-tab-desktop-title\" aria-selected=\"false\" data-tab=\"2\" role=\"tab\" tabindex=\"-1\" aria-controls=\"elementor-tab-content-2002\" aria-expanded=\"false\">Protecci\u00f3n de datos<\/div>\n\t\t\t\t\t\t\t<\/div>\n\t\t\t<div class=\"elementor-tabs-content-wrapper\" role=\"tablist\" aria-orientation=\"vertical\">\n\t\t\t\t\t\t\t\t\t<div class=\"elementor-tab-title elementor-tab-mobile-title\" aria-selected=\"true\" data-tab=\"1\" role=\"tab\" tabindex=\"0\" aria-controls=\"elementor-tab-content-2001\" aria-expanded=\"false\">USTED EST\u00c1 AQU\u00cd:<\/div>\n\t\t\t\t\t<div id=\"elementor-tab-content-2001\" class=\"elementor-tab-content elementor-clearfix\" data-tab=\"1\" role=\"tabpanel\" aria-labelledby=\"elementor-tab-title-2001\" tabindex=\"0\" hidden=\"false\"><\/div>\n\t\t\t\t\t\t\t\t\t<div class=\"elementor-tab-title elementor-tab-mobile-title\" aria-selected=\"false\" data-tab=\"2\" role=\"tab\" tabindex=\"-1\" aria-controls=\"elementor-tab-content-2002\" aria-expanded=\"false\">Protecci\u00f3n de datos<\/div>\n\t\t\t\t\t<div id=\"elementor-tab-content-2002\" class=\"elementor-tab-content elementor-clearfix\" data-tab=\"2\" role=\"tabpanel\" aria-labelledby=\"elementor-tab-title-2002\" tabindex=\"0\" hidden=\"hidden\"><\/div>\n\t\t\t\t\t\t\t<\/div>\n\t\t<\/div>\n\t\t\t\t\t\t<\/div>\n\t\t\t\t<\/div>\n\t\t\t\t\t<\/div>\n\t\t<\/div>\n\t\t\t\t\t<\/div>\n\t\t<\/section>\n\t\t\t\t<section class=\"elementor-section elementor-top-section elementor-element elementor-element-985672a elementor-section-boxed elementor-section-height-default elementor-section-height-default\" data-id=\"985672a\" data-element_type=\"section\" data-e-type=\"section\">\n\t\t\t\t\t\t<div class=\"elementor-container elementor-column-gap-default\">\n\t\t\t\t\t<div class=\"elementor-column elementor-col-100 elementor-top-column elementor-element elementor-element-20c7f51\" data-id=\"20c7f51\" data-element_type=\"column\" data-e-type=\"column\">\n\t\t\t<div class=\"elementor-widget-wrap elementor-element-populated\">\n\t\t\t\t\t\t<div class=\"elementor-element elementor-element-3357ff87 elementor-widget elementor-widget-heading\" data-id=\"3357ff87\" data-element_type=\"widget\" data-e-type=\"widget\" data-widget_type=\"heading.default\">\n\t\t\t\t<div class=\"elementor-widget-container\">\n\t\t\t\t\t<h4 class=\"elementor-heading-title elementor-size-default\">Pol\u00edtica de privacidad<\/h4>\t\t\t\t<\/div>\n\t\t\t\t<\/div>\n\t\t\t\t\t<\/div>\n\t\t<\/div>\n\t\t\t\t\t<\/div>\n\t\t<\/section>\n\t\t\t\t<section class=\"elementor-section elementor-top-section elementor-element elementor-element-f0f5355 elementor-section-boxed elementor-section-height-default elementor-section-height-default\" data-id=\"f0f5355\" data-element_type=\"section\" data-e-type=\"section\">\n\t\t\t\t\t\t<div class=\"elementor-container elementor-column-gap-default\">\n\t\t\t\t\t<div class=\"elementor-column elementor-col-100 elementor-top-column elementor-element elementor-element-3ccc874\" data-id=\"3ccc874\" data-element_type=\"column\" data-e-type=\"column\">\n\t\t\t<div class=\"elementor-widget-wrap elementor-element-populated\">\n\t\t\t\t\t\t<div class=\"elementor-element elementor-element-11890fc elementor-widget elementor-widget-text-editor\" data-id=\"11890fc\" data-element_type=\"widget\" data-e-type=\"widget\" data-widget_type=\"text-editor.default\">\n\t\t\t\t<div class=\"elementor-widget-container\">\n\t\t\t\t\t\t\t\t\t<p><strong>1. informaci\u00f3n general<\/strong><br \/>La protecci\u00f3n de sus datos personales es una preocupaci\u00f3n fundamental para nosotros. Esta pol\u00edtica de privacidad le informa sobre el tratamiento de datos personales en nuestro sitio web y sobre sus derechos en virtud del GDPR.<\/p><p><strong>2. persona responsable<\/strong><br \/>Exakt Personal GmbH<br \/>Niedersachsenstra\u00dfe 9<br \/>D-49074 Osnabr\u00fcck<br \/>+49 (0) 541 \/ 911 900 &#8211; 50<\/p><p>info@exakt-personal.de<\/p><p><strong>3. recogida y tratamiento de datos personales<\/strong><\/p><ul><li><strong>Datos registrados autom\u00e1ticamente<\/strong>Cuando visita nuestro sitio web, recopilamos autom\u00e1ticamente informaci\u00f3n t\u00e9cnica (direcci\u00f3n IP, tipo de navegador, fecha y hora de acceso) que se utiliza para optimizar nuestro sitio web.<\/li><li><strong>Datos a trav\u00e9s de formularios de contacto<\/strong>Cuando se pone en contacto con nosotros, almacenamos sus datos (por ejemplo, nombre, direcci\u00f3n de correo electr\u00f3nico, n\u00famero de tel\u00e9fono) para procesar su consulta.<\/li><li><strong>Datos del solicitante<\/strong>En el contexto de las solicitudes de empleo, procesamos datos personales (CV, cualificaciones) con el fin de proporcionarle ofertas de empleo adecuadas.<\/li><\/ul><p><strong>4. cookies y tecnolog\u00edas de seguimiento<\/strong><br \/>Nuestro sitio web utiliza cookies para mejorar la experiencia del usuario y garantizar su funcionalidad. Puede controlar el uso de cookies en la configuraci\u00f3n de su navegador.<\/p><p><strong>5. finalidad del tratamiento<\/strong><br \/>Tratamos sus datos para prestar nuestros servicios, para la comunicaci\u00f3n con los clientes, para optimizar nuestro sitio web y para cumplir las obligaciones legales.<\/p><p><strong>6. divulgaci\u00f3n de datos a terceros<\/strong><br \/>Sus datos no se transmitir\u00e1n a terceros sin su consentimiento, salvo que sea necesario para el cumplimiento del contrato o lo exija la ley.<\/p><p><strong>7. sus derechos<\/strong><br \/>Tiene derecho de acceso, rectificaci\u00f3n, supresi\u00f3n, limitaci\u00f3n del tratamiento y portabilidad de sus datos personales. Para ello, p\u00f3ngase en contacto con la direcci\u00f3n arriba indicada.<\/p><p><strong>8. cambios en la pol\u00edtica de privacidad<\/strong><br \/>Esta pol\u00edtica de privacidad se actualizar\u00e1 cuando sea necesario para reflejar los cambios legales o los ajustes de nuestra oferta.<\/p><p><strong>P\u00f3ngase en contacto con nosotros<\/strong><br \/>Si tiene alguna pregunta sobre el tratamiento de sus datos, puede ponerse en contacto con nosotros en cualquier momento utilizando los datos de contacto facilitados.<\/p>\t\t\t\t\t\t\t\t<\/div>\n\t\t\t\t<\/div>\n\t\t\t\t\t<\/div>\n\t\t<\/div>\n\t\t\t\t\t<\/div>\n\t\t<\/section>\n\t\t\t\t<\/div>","protected":false},"excerpt":{"rendered":"<p>DU BEFINDEST DICH HIER: Datenshutz DU BEFINDEST DICH HIER: Datenshutz Datenschutzerkl\u00e4rung 1. Allgemeine HinweiseDer Schutz Ihrer personenbezogenen Daten ist uns ein zentrales Anliegen. Diese Datenschutzerkl\u00e4rung informiert Sie \u00fcber die Verarbeitung personenbezogener Daten auf unserer Website und \u00fcber Ihre Rechte gem\u00e4\u00df der DSGVO. 2. VerantwortlicherExakt Personal GmbHNiedersachsenstra\u00dfe 9D-49074 Osnabr\u00fcck+49 (0) 541 \/ 911 900 &#8211; 50 [&hellip;]<\/p>","protected":false},"author":1,"featured_media":0,"parent":0,"menu_order":11,"comment_status":"closed","ping_status":"closed","template":"elementor_header_footer","meta":{"site-sidebar-layout":"no-sidebar","site-content-layout":"page-builder","ast-site-content-layout":"default","site-content-style":"default","site-sidebar-style":"default","ast-global-header-display":"","ast-banner-title-visibility":"","ast-main-header-display":"","ast-hfb-above-header-display":"","ast-hfb-below-header-display":"","ast-hfb-mobile-header-display":"","site-post-title":"disabled","ast-breadcrumbs-content":"","ast-featured-img":"disabled","footer-sml-layout":"","ast-disable-related-posts":"","theme-transparent-header-meta":"","adv-header-id-meta":"","stick-header-meta":"","header-above-stick-meta":"","header-main-stick-meta":"","header-below-stick-meta":"","astra-migrate-meta-layouts":"default","ast-page-background-enabled":"default","ast-page-background-meta":{"desktop":{"background-color":"var(--ast-global-color-4)","background-image":"","background-repeat":"repeat","background-position":"center center","background-size":"auto","background-attachment":"scroll","background-type":"","background-media":"","overlay-type":"","overlay-color":"","overlay-opacity":"","overlay-gradient":""},"tablet":{"background-color":"","background-image":"","background-repeat":"repeat","background-position":"center center","background-size":"auto","background-attachment":"scroll","background-type":"","background-media":"","overlay-type":"","overlay-color":"","overlay-opacity":"","overlay-gradient":""},"mobile":{"background-color":"","background-image":"","background-repeat":"repeat","background-position":"center center","background-size":"auto","background-attachment":"scroll","background-type":"","background-media":"","overlay-type":"","overlay-color":"","overlay-opacity":"","overlay-gradient":""}},"ast-content-background-meta":{"desktop":{"background-color":"var(--ast-global-color-5)","background-image":"","background-repeat":"repeat","background-position":"center center","background-size":"auto","background-attachment":"scroll","background-type":"","background-media":"","overlay-type":"","overlay-color":"","overlay-opacity":"","overlay-gradient":""},"tablet":{"background-color":"var(--ast-global-color-5)","background-image":"","background-repeat":"repeat","background-position":"center center","background-size":"auto","background-attachment":"scroll","background-type":"","background-media":"","overlay-type":"","overlay-color":"","overlay-opacity":"","overlay-gradient":""},"mobile":{"background-color":"var(--ast-global-color-5)","background-image":"","background-repeat":"repeat","background-position":"center center","background-size":"auto","background-attachment":"scroll","background-type":"","background-media":"","overlay-type":"","overlay-color":"","overlay-opacity":"","overlay-gradient":""}},"footnotes":""},"class_list":["post-4104","page","type-page","status-publish","hentry"],"yoast_head":"<!-- This site is optimized with the Yoast SEO plugin v27.5 - https:\/\/yoast.com\/product\/yoast-seo-wordpress\/ -->\n<title>Datenshutz - EXAKT PERSONAL<\/title>\n<meta name=\"robots\" content=\"index, follow, max-snippet:-1, max-image-preview:large, max-video-preview:-1\" \/>\n<link rel=\"canonical\" href=\"https:\/\/exakt-personal.de\/es\/datenshutz\/\" \/>\n<meta property=\"og:locale\" content=\"es_ES\" \/>\n<meta property=\"og:type\" content=\"article\" \/>\n<meta property=\"og:title\" content=\"Datenshutz - EXAKT PERSONAL\" \/>\n<meta property=\"og:description\" content=\"DU BEFINDEST DICH HIER: Datenshutz DU BEFINDEST DICH HIER: Datenshutz Datenschutzerkl\u00e4rung 1. Allgemeine HinweiseDer Schutz Ihrer personenbezogenen Daten ist uns ein zentrales Anliegen. Diese Datenschutzerkl\u00e4rung informiert Sie \u00fcber die Verarbeitung personenbezogener Daten auf unserer Website und \u00fcber Ihre Rechte gem\u00e4\u00df der DSGVO. 2. VerantwortlicherExakt Personal GmbHNiedersachsenstra\u00dfe 9D-49074 Osnabr\u00fcck+49 (0) 541 \/ 911 900 &#8211; 50 [&hellip;]\" \/>\n<meta property=\"og:url\" content=\"https:\/\/exakt-personal.de\/es\/datenshutz\/\" \/>\n<meta property=\"og:site_name\" content=\"EXAKT PERSONAL\" \/>\n<meta property=\"article:modified_time\" content=\"2024-12-10T14:22:30+00:00\" \/>\n<meta name=\"twitter:card\" content=\"summary_large_image\" \/>\n<meta name=\"twitter:label1\" content=\"Tiempo de lectura\" \/>\n\t<meta name=\"twitter:data1\" content=\"2 minutos\" \/>\n<!-- \/ Yoast SEO plugin. -->","yoast_head_json":{"title":"Datenshutz - EXAKT PERSONAL","robots":{"index":"index","follow":"follow","max-snippet":"max-snippet:-1","max-image-preview":"max-image-preview:large","max-video-preview":"max-video-preview:-1"},"canonical":"https:\/\/exakt-personal.de\/es\/datenshutz\/","og_locale":"es_ES","og_type":"article","og_title":"Datenshutz - EXAKT PERSONAL","og_description":"DU BEFINDEST DICH HIER: Datenshutz DU BEFINDEST DICH HIER: Datenshutz Datenschutzerkl\u00e4rung 1. Allgemeine HinweiseDer Schutz Ihrer personenbezogenen Daten ist uns ein zentrales Anliegen. Diese Datenschutzerkl\u00e4rung informiert Sie \u00fcber die Verarbeitung personenbezogener Daten auf unserer Website und \u00fcber Ihre Rechte gem\u00e4\u00df der DSGVO. 2. VerantwortlicherExakt Personal GmbHNiedersachsenstra\u00dfe 9D-49074 Osnabr\u00fcck+49 (0) 541 \/ 911 900 &#8211; 50 [&hellip;]","og_url":"https:\/\/exakt-personal.de\/es\/datenshutz\/","og_site_name":"EXAKT PERSONAL","article_modified_time":"2024-12-10T14:22:30+00:00","twitter_card":"summary_large_image","twitter_misc":{"Tiempo de lectura":"2 minutos"},"schema":{"@context":"https:\/\/schema.org","@graph":[{"@type":"WebPage","@id":"https:\/\/exakt-personal.de\/datenshutz\/","url":"https:\/\/exakt-personal.de\/datenshutz\/","name":"Datenshutz - EXAKT PERSONAL","isPartOf":{"@id":"https:\/\/exakt-personal.de\/#website"},"datePublished":"2024-12-10T14:15:11+00:00","dateModified":"2024-12-10T14:22:30+00:00","breadcrumb":{"@id":"https:\/\/exakt-personal.de\/datenshutz\/#breadcrumb"},"inLanguage":"es","potentialAction":[{"@type":"ReadAction","target":["https:\/\/exakt-personal.de\/datenshutz\/"]}]},{"@type":"BreadcrumbList","@id":"https:\/\/exakt-personal.de\/datenshutz\/#breadcrumb","itemListElement":[{"@type":"ListItem","position":1,"name":"Startseite","item":"https:\/\/exakt-personal.de\/"},{"@type":"ListItem","position":2,"name":"Datenshutz"}]},{"@type":"WebSite","@id":"https:\/\/exakt-personal.de\/#website","url":"https:\/\/exakt-personal.de\/","name":"PERSONAL EXACTO","description":"COMPETENCE IN PEOPLE","publisher":{"@id":"https:\/\/exakt-personal.de\/#organization"},"potentialAction":[{"@type":"SearchAction","target":{"@type":"EntryPoint","urlTemplate":"https:\/\/exakt-personal.de\/?s={search_term_string}"},"query-input":{"@type":"PropertyValueSpecification","valueRequired":true,"valueName":"search_term_string"}}],"inLanguage":"es"},{"@type":"Organization","@id":"https:\/\/exakt-personal.de\/#organization","name":"PERSONAL EXACTO","url":"https:\/\/exakt-personal.de\/","logo":{"@type":"ImageObject","inLanguage":"es","@id":"https:\/\/exakt-personal.de\/#\/schema\/logo\/image\/","url":"https:\/\/exakt-personal.de\/wp-content\/uploads\/2023\/01\/Exakt_Personal_Logo.png","contentUrl":"https:\/\/exakt-personal.de\/wp-content\/uploads\/2023\/01\/Exakt_Personal_Logo.png","width":266,"height":57,"caption":"EXAKT PERSONAL"},"image":{"@id":"https:\/\/exakt-personal.de\/#\/schema\/logo\/image\/"}}]}},"_links":{"self":[{"href":"https:\/\/exakt-personal.de\/es\/wp-json\/wp\/v2\/pages\/4104","targetHints":{"allow":["GET"]}}],"collection":[{"href":"https:\/\/exakt-personal.de\/es\/wp-json\/wp\/v2\/pages"}],"about":[{"href":"https:\/\/exakt-personal.de\/es\/wp-json\/wp\/v2\/types\/page"}],"author":[{"embeddable":true,"href":"https:\/\/exakt-personal.de\/es\/wp-json\/wp\/v2\/users\/1"}],"replies":[{"embeddable":true,"href":"https:\/\/exakt-personal.de\/es\/wp-json\/wp\/v2\/comments?post=4104"}],"version-history":[{"count":0,"href":"https:\/\/exakt-personal.de\/es\/wp-json\/wp\/v2\/pages\/4104\/revisions"}],"wp:attachment":[{"href":"https:\/\/exakt-personal.de\/es\/wp-json\/wp\/v2\/media?parent=4104"}],"curies":[{"name":"wp","href":"https:\/\/api.w.org\/{rel}","templated":true}]}}