{"id":1503,"date":"2023-05-15T23:49:53","date_gmt":"2023-05-15T23:49:53","guid":{"rendered":"https:\/\/exakt-personal.i-media-design.de\/benefits\/"},"modified":"2025-08-15T09:28:30","modified_gmt":"2025-08-15T09:28:30","slug":"benefits","status":"publish","type":"page","link":"https:\/\/exakt-personal.de\/pl\/bewerber\/benefits\/","title":{"rendered":"KORZY\u015aCI"},"content":{"rendered":"<div data-elementor-type=\"wp-page\" data-elementor-id=\"1503\" class=\"elementor elementor-1503\" data-elementor-post-type=\"page\">\n\t\t\t\t\t\t<section class=\"elementor-section elementor-top-section elementor-element elementor-element-6c98f91b elementor-hidden-mobile elementor-section-boxed elementor-section-height-default elementor-section-height-default\" data-id=\"6c98f91b\" data-element_type=\"section\" data-e-type=\"section\" data-settings=\"{&quot;background_background&quot;:&quot;classic&quot;}\">\n\t\t\t\t\t\t<div class=\"elementor-container elementor-column-gap-wider\">\n\t\t\t\t\t<div class=\"elementor-column elementor-col-100 elementor-top-column elementor-element elementor-element-4d9c31c5\" data-id=\"4d9c31c5\" data-element_type=\"column\" data-e-type=\"column\">\n\t\t\t<div class=\"elementor-widget-wrap elementor-element-populated\">\n\t\t\t\t\t\t<div class=\"elementor-element elementor-element-31001721 elementor-tabs-view-horizontal elementor-widget elementor-widget-tabs\" data-id=\"31001721\" data-element_type=\"widget\" data-e-type=\"widget\" data-widget_type=\"tabs.default\">\n\t\t\t\t<div class=\"elementor-widget-container\">\n\t\t\t\t\t\t\t<div class=\"elementor-tabs\">\n\t\t\t<div class=\"elementor-tabs-wrapper\" role=\"tablist\" >\n\t\t\t\t\t\t\t\t\t<div id=\"elementor-tab-title-8221\" class=\"elementor-tab-title elementor-tab-desktop-title\" aria-selected=\"true\" data-tab=\"1\" role=\"tab\" tabindex=\"0\" aria-controls=\"elementor-tab-content-8221\" aria-expanded=\"false\">JESTE\u015a TUTAJ:<\/div>\n\t\t\t\t\t\t\t\t\t<div id=\"elementor-tab-title-8222\" class=\"elementor-tab-title elementor-tab-desktop-title\" aria-selected=\"false\" data-tab=\"2\" role=\"tab\" tabindex=\"-1\" aria-controls=\"elementor-tab-content-8222\" aria-expanded=\"false\">KORZY\u015aCI<\/div>\n\t\t\t\t\t\t\t<\/div>\n\t\t\t<div class=\"elementor-tabs-content-wrapper\" role=\"tablist\" aria-orientation=\"vertical\">\n\t\t\t\t\t\t\t\t\t<div class=\"elementor-tab-title elementor-tab-mobile-title\" aria-selected=\"true\" data-tab=\"1\" role=\"tab\" tabindex=\"0\" aria-controls=\"elementor-tab-content-8221\" aria-expanded=\"false\">JESTE\u015a TUTAJ:<\/div>\n\t\t\t\t\t<div id=\"elementor-tab-content-8221\" class=\"elementor-tab-content elementor-clearfix\" data-tab=\"1\" role=\"tabpanel\" aria-labelledby=\"elementor-tab-title-8221\" tabindex=\"0\" hidden=\"false\"><\/div>\n\t\t\t\t\t\t\t\t\t<div class=\"elementor-tab-title elementor-tab-mobile-title\" aria-selected=\"false\" data-tab=\"2\" role=\"tab\" tabindex=\"-1\" aria-controls=\"elementor-tab-content-8222\" aria-expanded=\"false\">KORZY\u015aCI<\/div>\n\t\t\t\t\t<div id=\"elementor-tab-content-8222\" class=\"elementor-tab-content elementor-clearfix\" data-tab=\"2\" role=\"tabpanel\" aria-labelledby=\"elementor-tab-title-8222\" tabindex=\"0\" hidden=\"hidden\"><\/div>\n\t\t\t\t\t\t\t<\/div>\n\t\t<\/div>\n\t\t\t\t\t\t<\/div>\n\t\t\t\t<\/div>\n\t\t\t\t\t<\/div>\n\t\t<\/div>\n\t\t\t\t\t<\/div>\n\t\t<\/section>\n\t\t\t\t<section class=\"elementor-section elementor-top-section elementor-element elementor-element-c010994 animated-slow elementor-section-height-min-height elementor-section-boxed elementor-section-height-default elementor-section-items-middle elementor-invisible\" data-id=\"c010994\" data-element_type=\"section\" data-e-type=\"section\" data-settings=\"{&quot;background_background&quot;:&quot;classic&quot;,&quot;animation&quot;:&quot;fadeInLeft&quot;}\">\n\t\t\t\t\t\t\t<div class=\"elementor-background-overlay\"><\/div>\n\t\t\t\t\t\t\t<div class=\"elementor-container elementor-column-gap-default\">\n\t\t\t\t\t<div class=\"elementor-column elementor-col-100 elementor-top-column elementor-element elementor-element-6a5a4f39\" data-id=\"6a5a4f39\" data-element_type=\"column\" data-e-type=\"column\">\n\t\t\t<div class=\"elementor-widget-wrap elementor-element-populated\">\n\t\t\t\t\t\t<div class=\"elementor-element elementor-element-336924bc elementor-widget elementor-widget-heading\" data-id=\"336924bc\" data-element_type=\"widget\" data-e-type=\"widget\" data-widget_type=\"heading.default\">\n\t\t\t\t<div class=\"elementor-widget-container\">\n\t\t\t\t\t<h2 class=\"elementor-heading-title elementor-size-default\">KORZY\u015aCI<\/h2>\t\t\t\t<\/div>\n\t\t\t\t<\/div>\n\t\t\t\t\t<\/div>\n\t\t<\/div>\n\t\t\t\t\t<\/div>\n\t\t<\/section>\n\t\t\t\t<section class=\"elementor-section elementor-top-section elementor-element elementor-element-37edee3f elementor-section-height-min-height elementor-section-boxed elementor-section-height-default elementor-section-items-middle\" data-id=\"37edee3f\" data-element_type=\"section\" data-e-type=\"section\" data-settings=\"{&quot;background_background&quot;:&quot;classic&quot;}\">\n\t\t\t\t\t\t<div class=\"elementor-container elementor-column-gap-no\">\n\t\t\t\t\t<div class=\"elementor-column elementor-col-100 elementor-top-column elementor-element elementor-element-492e154d\" data-id=\"492e154d\" data-element_type=\"column\" data-e-type=\"column\">\n\t\t\t<div class=\"elementor-widget-wrap elementor-element-populated\">\n\t\t\t\t\t\t<section class=\"elementor-section elementor-inner-section elementor-element elementor-element-79c2fea0 elementor-section-boxed elementor-section-height-default elementor-section-height-default\" data-id=\"79c2fea0\" data-element_type=\"section\" data-e-type=\"section\" data-settings=\"{&quot;background_background&quot;:&quot;classic&quot;}\">\n\t\t\t\t\t\t<div class=\"elementor-container elementor-column-gap-no\">\n\t\t\t\t\t<div class=\"elementor-column elementor-col-100 elementor-inner-column elementor-element elementor-element-6fcd3ffb\" data-id=\"6fcd3ffb\" data-element_type=\"column\" data-e-type=\"column\">\n\t\t\t<div class=\"elementor-widget-wrap elementor-element-populated\">\n\t\t\t\t\t\t<div class=\"elementor-element elementor-element-4be59d33 elementor-widget elementor-widget-text-editor\" data-id=\"4be59d33\" data-element_type=\"widget\" data-e-type=\"widget\" data-settings=\"{&quot;motion_fx_motion_fx_scrolling&quot;:&quot;yes&quot;,&quot;motion_fx_opacity_effect&quot;:&quot;yes&quot;,&quot;motion_fx_opacity_range&quot;:{&quot;unit&quot;:&quot;%&quot;,&quot;size&quot;:&quot;&quot;,&quot;sizes&quot;:{&quot;start&quot;:20,&quot;end&quot;:62}},&quot;motion_fx_opacity_direction&quot;:&quot;out-in&quot;,&quot;motion_fx_opacity_level&quot;:{&quot;unit&quot;:&quot;px&quot;,&quot;size&quot;:10,&quot;sizes&quot;:[]},&quot;motion_fx_devices&quot;:[&quot;desktop&quot;,&quot;tablet_extra&quot;,&quot;tablet&quot;,&quot;mobile&quot;]}\" data-widget_type=\"text-editor.default\">\n\t\t\t\t<div class=\"elementor-widget-container\">\n\t\t\t\t\t\t\t\t\t<p><span style=\"color: #ff9900;\">DOK\u0141ADNIE.<\/span> W\u0141A\u015aCIWY PARTNER DLA PRACOWNIK\u00d3W<\/p>\t\t\t\t\t\t\t\t<\/div>\n\t\t\t\t<\/div>\n\t\t\t\t\t<\/div>\n\t\t<\/div>\n\t\t\t\t\t<\/div>\n\t\t<\/section>\n\t\t\t\t<section class=\"elementor-section elementor-inner-section elementor-element elementor-element-700b7cf6 elementor-section-boxed elementor-section-height-default elementor-section-height-default\" data-id=\"700b7cf6\" data-element_type=\"section\" data-e-type=\"section\" data-settings=\"{&quot;background_background&quot;:&quot;classic&quot;}\">\n\t\t\t\t\t\t<div class=\"elementor-container elementor-column-gap-default\">\n\t\t\t\t\t<div class=\"elementor-column elementor-col-100 elementor-inner-column elementor-element elementor-element-7adf7403\" data-id=\"7adf7403\" data-element_type=\"column\" data-e-type=\"column\">\n\t\t\t<div class=\"elementor-widget-wrap elementor-element-populated\">\n\t\t\t\t\t\t<div class=\"elementor-element elementor-element-6918b602 elementor-widget elementor-widget-text-editor\" data-id=\"6918b602\" data-element_type=\"widget\" data-e-type=\"widget\" data-settings=\"{&quot;motion_fx_motion_fx_scrolling&quot;:&quot;yes&quot;,&quot;motion_fx_scale_effect&quot;:&quot;yes&quot;,&quot;motion_fx_scale_speed&quot;:{&quot;unit&quot;:&quot;px&quot;,&quot;size&quot;:2,&quot;sizes&quot;:[]},&quot;motion_fx_scale_direction&quot;:&quot;out-in&quot;,&quot;motion_fx_scale_range&quot;:{&quot;unit&quot;:&quot;%&quot;,&quot;size&quot;:&quot;&quot;,&quot;sizes&quot;:{&quot;start&quot;:20,&quot;end&quot;:80}},&quot;motion_fx_devices&quot;:[&quot;desktop&quot;,&quot;tablet_extra&quot;,&quot;tablet&quot;,&quot;mobile&quot;]}\" data-widget_type=\"text-editor.default\">\n\t\t\t\t<div class=\"elementor-widget-container\">\n\t\t\t\t\t\t\t\t\t<p><span style=\"color: #ff9900;\"><em>Oczywi\u015bcie, mo\u017cemy by\u0107 po imieniu!<\/em><\/span><\/p><p>EXAKT oznacza niezawodno\u015b\u0107, odpowiedzialno\u015b\u0107 i uczciwo\u015b\u0107. Twoje zadowolenie jako pracownika ma kluczowe znaczenie dla naszego sukcesu. Jako niezawodny pracodawca oferujemy ekscytuj\u0105ce zadania, mo\u017cliwo\u015bci dalszego szkolenia i kompleksowe wsparcie, aby\u015b m\u00f3g\u0142 si\u0119 rozwija\u0107 i sprosta\u0107 wyzwaniom.<\/p><p><strong>Nasi pracownicy s\u0105 dla nas kim\u015b wi\u0119cej ni\u017c tylko si\u0142\u0105 robocz\u0105<\/strong> - s\u0105 indywidualne i warto\u015bciowe. Dlatego oferujemy wi\u0119cej ni\u017c standardy prawne: wi\u0119cej blisko\u015bci, us\u0142ug i warto\u015bci dodanej. Dzi\u0119ki temu jeste\u015bmy najlepszym pracodawc\u0105.<\/p>\t\t\t\t\t\t\t\t<\/div>\n\t\t\t\t<\/div>\n\t\t\t\t\t<\/div>\n\t\t<\/div>\n\t\t\t\t\t<\/div>\n\t\t<\/section>\n\t\t\t\t\t<\/div>\n\t\t<\/div>\n\t\t\t\t\t<\/div>\n\t\t<\/section>\n\t\t\t\t<section class=\"elementor-section elementor-top-section elementor-element elementor-element-4fe45260 elementor-section-boxed elementor-section-height-default elementor-section-height-default\" data-id=\"4fe45260\" data-element_type=\"section\" data-e-type=\"section\" data-settings=\"{&quot;background_background&quot;:&quot;classic&quot;}\">\n\t\t\t\t\t\t<div class=\"elementor-container elementor-column-gap-wider\">\n\t\t\t\t\t<div class=\"elementor-column elementor-col-100 elementor-top-column elementor-element elementor-element-80493c8\" data-id=\"80493c8\" data-element_type=\"column\" data-e-type=\"column\">\n\t\t\t<div class=\"elementor-widget-wrap elementor-element-populated\">\n\t\t\t\t\t\t<div class=\"elementor-element elementor-element-3da20b9 elementor-tabs-view-vertical elementor-widget elementor-widget-tabs\" data-id=\"3da20b9\" data-element_type=\"widget\" data-e-type=\"widget\" data-widget_type=\"tabs.default\">\n\t\t\t\t<div class=\"elementor-widget-container\">\n\t\t\t\t\t\t\t<div class=\"elementor-tabs\">\n\t\t\t<div class=\"elementor-tabs-wrapper\" role=\"tablist\" >\n\t\t\t\t\t\t\t\t\t<div id=\"elementor-tab-title-6461\" class=\"elementor-tab-title elementor-tab-desktop-title\" aria-selected=\"true\" data-tab=\"1\" role=\"tab\" tabindex=\"0\" aria-controls=\"elementor-tab-content-6461\" aria-expanded=\"false\">KORZY\u015aCI W SKR\u00d3CIE<\/div>\n\t\t\t\t\t\t\t\t\t<div id=\"elementor-tab-title-6462\" class=\"elementor-tab-title elementor-tab-desktop-title\" aria-selected=\"false\" data-tab=\"2\" role=\"tab\" tabindex=\"-1\" aria-controls=\"elementor-tab-content-6462\" aria-expanded=\"false\">GWARANCJE PRACOWNICZE<\/div>\n\t\t\t\t\t\t\t\t\t<div id=\"elementor-tab-title-6463\" class=\"elementor-tab-title elementor-tab-desktop-title\" aria-selected=\"false\" data-tab=\"3\" role=\"tab\" tabindex=\"-1\" aria-controls=\"elementor-tab-content-6463\" aria-expanded=\"false\">DALSZA EDUKACJA<\/div>\n\t\t\t\t\t\t\t<\/div>\n\t\t\t<div class=\"elementor-tabs-content-wrapper\" role=\"tablist\" aria-orientation=\"vertical\">\n\t\t\t\t\t\t\t\t\t<div class=\"elementor-tab-title elementor-tab-mobile-title\" aria-selected=\"true\" data-tab=\"1\" role=\"tab\" tabindex=\"0\" aria-controls=\"elementor-tab-content-6461\" aria-expanded=\"false\">KORZY\u015aCI W SKR\u00d3CIE<\/div>\n\t\t\t\t\t<div id=\"elementor-tab-content-6461\" class=\"elementor-tab-content elementor-clearfix\" data-tab=\"1\" role=\"tabpanel\" aria-labelledby=\"elementor-tab-title-6461\" tabindex=\"0\" hidden=\"false\"><p>Wynagrodzenie b\u0119dzie zawsze wy\u017csze ni\u017c przewiduje umowa zbiorowa GVP. P\u0142atno\u015bci s\u0105 terminowe. Otrzymasz r\u00f3wnie\u017c<\/p><div><div>\u2713 <span style=\"font-size: 16px;\">Dodatki za prac\u0119 w nocy, niedziele, \u015bwi\u0119ta i nadgodziny<\/span><\/div><\/div><div><div>\u2713 <span style=\"font-size: 16px;\">Dop\u0142aty bran\u017cowe<\/span><\/div><\/div><p>R\u00f3wna p\u0142aca - r\u00f3wna p\u0142aca za tak\u0105 sam\u0105 prac\u0119<\/p><p>Do 30 dni urlopu<\/p><p>Wynagrodzenie urlopowe<\/p><p>Mi\u0119kkie pieni\u0105dze na noc<\/p><p>Zwrot koszt\u00f3w podr\u00f3\u017cy<\/p><p>Dodatkowe wydatki na catering<\/p><p>Sk\u0142adka na firmowy program emerytalny<\/p><p>Ulga z tytu\u0142u \u015bwiadcze\u0144 kapita\u0142otw\u00f3rczych<\/p><p>Lukratywne premie specjalne, bonusy<\/p><p>\u2713 Najwi\u0119ksza elastyczno\u015b\u0107 dzi\u0119ki pracy blisko domu<\/p><\/div>\n\t\t\t\t\t\t\t\t\t<div class=\"elementor-tab-title elementor-tab-mobile-title\" aria-selected=\"false\" data-tab=\"2\" role=\"tab\" tabindex=\"-1\" aria-controls=\"elementor-tab-content-6462\" aria-expanded=\"false\">GWARANCJE PRACOWNICZE<\/div>\n\t\t\t\t\t<div id=\"elementor-tab-content-6462\" class=\"elementor-tab-content elementor-clearfix\" data-tab=\"2\" role=\"tabpanel\" aria-labelledby=\"elementor-tab-title-6462\" tabindex=\"0\" hidden=\"hidden\"><p>Otrzymujesz wykwalifikowan\u0105 prac\u0119 w najkr\u00f3tszym mo\u017cliwym czasie.<\/p><p>B\u0119dziesz otrzymywa\u0107 ekskluzywne, niepublikowane oferty pracy od znanych firm.<\/p><p>Oszcz\u0119dzasz sobie czasoch\u0142onnego przeszukiwania baz danych, nerwowego maratonu aplikacyjnego i akwizycji we w\u0142asnym imieniu.<\/p><p>Nasze rozumienie pracy nie jest kwesti\u0105 czasu: otrzymasz sta\u0142\u0105 i bezterminow\u0105 umow\u0119 o prac\u0119.<\/p><p>Koncentrujemy si\u0119 na d\u0142ugoterminowej wsp\u00f3\u0142pracy.<\/p><p>\u2713 Nasze zadania dla klient\u00f3w s\u0105 projektowane wy\u0142\u0105cznie z my\u015bl\u0105 o d\u0142ugoterminowej wsp\u00f3\u0142pracy.<\/p><p>Otrzymujesz prac\u0119, kt\u00f3ra spe\u0142nia Twoje oczekiwania.<\/p><p>Z wyprzedzeniem sprawdzamy zam\u00f3wienia klient\u00f3w i miejsca pracy.<\/p><p>Profesjonalna ewaluacja i ocena aplikacji<\/p><\/div>\n\t\t\t\t\t\t\t\t\t<div class=\"elementor-tab-title elementor-tab-mobile-title\" aria-selected=\"false\" data-tab=\"3\" role=\"tab\" tabindex=\"-1\" aria-controls=\"elementor-tab-content-6463\" aria-expanded=\"false\">DALSZA EDUKACJA<\/div>\n\t\t\t\t\t<div id=\"elementor-tab-content-6463\" class=\"elementor-tab-content elementor-clearfix\" data-tab=\"3\" role=\"tabpanel\" aria-labelledby=\"elementor-tab-title-6463\" tabindex=\"0\" hidden=\"hidden\"><p data-start=\"83\" data-end=\"436\"><strong data-start=\"83\" data-end=\"151\">W Akademii Experia Tw\u00f3j rozw\u00f3j zajmuje centralne miejsce.<\/strong><br data-start=\"151\" data-end=\"154\" \/>Oferujemy praktyczne szkolenia, kt\u00f3re wzmocni\u0105 Ci\u0119 zar\u00f3wno zawodowo, jak i osobi\u015bcie - niezale\u017cnie od tego, czy dopiero zaczynasz, czy masz ju\u017c do\u015bwiadczenie.<br data-start=\"310\" data-end=\"313\" \/>Dzi\u0119ki nowoczesnym metodom nauczania, spersonalizowanemu wsparciu i realnym mo\u017cliwo\u015bciom rozwoju kariery, wsp\u00f3lnie inwestujemy w Twoj\u0105 przysz\u0142o\u015b\u0107.<\/p>\n<p data-start=\"438\" data-end=\"489\"><a style=\"display: inline-block; background-color: #424242; color: #ffad00; padding: 12px 24px; border-radius: 30px; text-decoration: none; font-weight: bold;\" href=\"https:\/\/experia-akademie.de\/\" target=\"_blank\" rel=\"noopener\">\nZarejestruj si\u0119 teraz \n<\/a><\/p><\/div>\n\t\t\t\t\t\t\t<\/div>\n\t\t<\/div>\n\t\t\t\t\t\t<\/div>\n\t\t\t\t<\/div>\n\t\t\t\t\t<\/div>\n\t\t<\/div>\n\t\t\t\t\t<\/div>\n\t\t<\/section>\n\t\t\t\t<\/div>","protected":false},"excerpt":{"rendered":"<p>DU BEFINDEST DICH HIER: BENEFITS DU BEFINDEST DICH HIER: BENEFITS BENEFITS EXAKT. DER RICHTIGE PARTNER SEINER MITARBEITER Nat\u00fcrlich gerne, wir k\u00f6nnen uns duzen! EXAKT steht f\u00fcr Zuverl\u00e4ssigkeit, Verantwortung und Fairness. Deine Zufriedenheit als Mitarbeiter ist f\u00fcr unseren Erfolg entscheidend. Als verl\u00e4sslicher Arbeitgeber bieten wir dir spannende Aufgaben, Weiterbildungsm\u00f6glichkeiten und umfassende Unterst\u00fctzung, damit du dich entfalten [&hellip;]<\/p>","protected":false},"author":1,"featured_media":0,"parent":1467,"menu_order":1,"comment_status":"closed","ping_status":"closed","template":"elementor_header_footer","meta":{"site-sidebar-layout":"no-sidebar","site-content-layout":"page-builder","ast-site-content-layout":"default","site-content-style":"default","site-sidebar-style":"default","ast-global-header-display":"","ast-banner-title-visibility":"","ast-main-header-display":"","ast-hfb-above-header-display":"","ast-hfb-below-header-display":"","ast-hfb-mobile-header-display":"","site-post-title":"","ast-breadcrumbs-content":"","ast-featured-img":"disabled","footer-sml-layout":"","ast-disable-related-posts":"","theme-transparent-header-meta":"","adv-header-id-meta":"","stick-header-meta":"","header-above-stick-meta":"","header-main-stick-meta":"","header-below-stick-meta":"","astra-migrate-meta-layouts":"default","ast-page-background-enabled":"default","ast-page-background-meta":{"desktop":{"background-color":"var(--ast-global-color-4)","background-image":"","background-repeat":"repeat","background-position":"center center","background-size":"auto","background-attachment":"scroll","background-type":"","background-media":"","overlay-type":"","overlay-color":"","overlay-opacity":"","overlay-gradient":""},"tablet":{"background-color":"","background-image":"","background-repeat":"repeat","background-position":"center center","background-size":"auto","background-attachment":"scroll","background-type":"","background-media":"","overlay-type":"","overlay-color":"","overlay-opacity":"","overlay-gradient":""},"mobile":{"background-color":"","background-image":"","background-repeat":"repeat","background-position":"center center","background-size":"auto","background-attachment":"scroll","background-type":"","background-media":"","overlay-type":"","overlay-color":"","overlay-opacity":"","overlay-gradient":""}},"ast-content-background-meta":{"desktop":{"background-color":"var(--ast-global-color-5)","background-image":"","background-repeat":"repeat","background-position":"center center","background-size":"auto","background-attachment":"scroll","background-type":"","background-media":"","overlay-type":"","overlay-color":"","overlay-opacity":"","overlay-gradient":""},"tablet":{"background-color":"var(--ast-global-color-5)","background-image":"","background-repeat":"repeat","background-position":"center center","background-size":"auto","background-attachment":"scroll","background-type":"","background-media":"","overlay-type":"","overlay-color":"","overlay-opacity":"","overlay-gradient":""},"mobile":{"background-color":"var(--ast-global-color-5)","background-image":"","background-repeat":"repeat","background-position":"center center","background-size":"auto","background-attachment":"scroll","background-type":"","background-media":"","overlay-type":"","overlay-color":"","overlay-opacity":"","overlay-gradient":""}},"footnotes":""},"class_list":["post-1503","page","type-page","status-publish","hentry"],"yoast_head":"<!-- This site is optimized with the Yoast SEO plugin v27.3 - https:\/\/yoast.com\/product\/yoast-seo-wordpress\/ -->\n<title>BENEFITS - EXAKT PERSONAL<\/title>\n<meta name=\"robots\" content=\"index, follow, max-snippet:-1, max-image-preview:large, max-video-preview:-1\" \/>\n<link rel=\"canonical\" href=\"https:\/\/exakt-personal.de\/pl\/bewerber\/benefits\/\" \/>\n<meta property=\"og:locale\" content=\"pl_PL\" \/>\n<meta property=\"og:type\" content=\"article\" \/>\n<meta property=\"og:title\" content=\"BENEFITS - EXAKT PERSONAL\" \/>\n<meta property=\"og:description\" content=\"DU BEFINDEST DICH HIER: BENEFITS DU BEFINDEST DICH HIER: BENEFITS BENEFITS EXAKT. DER RICHTIGE PARTNER SEINER MITARBEITER Nat\u00fcrlich gerne, wir k\u00f6nnen uns duzen! EXAKT steht f\u00fcr Zuverl\u00e4ssigkeit, Verantwortung und Fairness. Deine Zufriedenheit als Mitarbeiter ist f\u00fcr unseren Erfolg entscheidend. Als verl\u00e4sslicher Arbeitgeber bieten wir dir spannende Aufgaben, Weiterbildungsm\u00f6glichkeiten und umfassende Unterst\u00fctzung, damit du dich entfalten [&hellip;]\" \/>\n<meta property=\"og:url\" content=\"https:\/\/exakt-personal.de\/pl\/bewerber\/benefits\/\" \/>\n<meta property=\"og:site_name\" content=\"EXAKT PERSONAL\" \/>\n<meta property=\"article:modified_time\" content=\"2025-08-15T09:28:30+00:00\" \/>\n<meta name=\"twitter:card\" content=\"summary_large_image\" \/>\n<meta name=\"twitter:label1\" content=\"Szacowany czas czytania\" \/>\n\t<meta name=\"twitter:data1\" content=\"2 minuty\" \/>\n<!-- \/ Yoast SEO plugin. -->","yoast_head_json":{"title":"BENEFITS - EXAKT PERSONAL","robots":{"index":"index","follow":"follow","max-snippet":"max-snippet:-1","max-image-preview":"max-image-preview:large","max-video-preview":"max-video-preview:-1"},"canonical":"https:\/\/exakt-personal.de\/pl\/bewerber\/benefits\/","og_locale":"pl_PL","og_type":"article","og_title":"BENEFITS - EXAKT PERSONAL","og_description":"DU BEFINDEST DICH HIER: BENEFITS DU BEFINDEST DICH HIER: BENEFITS BENEFITS EXAKT. DER RICHTIGE PARTNER SEINER MITARBEITER Nat\u00fcrlich gerne, wir k\u00f6nnen uns duzen! EXAKT steht f\u00fcr Zuverl\u00e4ssigkeit, Verantwortung und Fairness. Deine Zufriedenheit als Mitarbeiter ist f\u00fcr unseren Erfolg entscheidend. Als verl\u00e4sslicher Arbeitgeber bieten wir dir spannende Aufgaben, Weiterbildungsm\u00f6glichkeiten und umfassende Unterst\u00fctzung, damit du dich entfalten [&hellip;]","og_url":"https:\/\/exakt-personal.de\/pl\/bewerber\/benefits\/","og_site_name":"EXAKT PERSONAL","article_modified_time":"2025-08-15T09:28:30+00:00","twitter_card":"summary_large_image","twitter_misc":{"Szacowany czas czytania":"2 minuty"},"schema":{"@context":"https:\/\/schema.org","@graph":[{"@type":"WebPage","@id":"https:\/\/exakt-personal.de\/bewerber\/benefits\/","url":"https:\/\/exakt-personal.de\/bewerber\/benefits\/","name":"BENEFITS - EXAKT PERSONAL","isPartOf":{"@id":"https:\/\/exakt-personal.de\/#website"},"datePublished":"2023-05-15T23:49:53+00:00","dateModified":"2025-08-15T09:28:30+00:00","breadcrumb":{"@id":"https:\/\/exakt-personal.de\/bewerber\/benefits\/#breadcrumb"},"inLanguage":"pl-PL","potentialAction":[{"@type":"ReadAction","target":["https:\/\/exakt-personal.de\/bewerber\/benefits\/"]}]},{"@type":"BreadcrumbList","@id":"https:\/\/exakt-personal.de\/bewerber\/benefits\/#breadcrumb","itemListElement":[{"@type":"ListItem","position":1,"name":"Startseite","item":"https:\/\/exakt-personal.de\/"},{"@type":"ListItem","position":2,"name":"BEWERBER","item":"https:\/\/exakt-personal.de\/bewerber\/"},{"@type":"ListItem","position":3,"name":"BENEFITS"}]},{"@type":"WebSite","@id":"https:\/\/exakt-personal.de\/#website","url":"https:\/\/exakt-personal.de\/","name":"DOK\u0141ADNY PERSONEL","description":"COMPETENCE IN PEOPLE","publisher":{"@id":"https:\/\/exakt-personal.de\/#organization"},"potentialAction":[{"@type":"SearchAction","target":{"@type":"EntryPoint","urlTemplate":"https:\/\/exakt-personal.de\/?s={search_term_string}"},"query-input":{"@type":"PropertyValueSpecification","valueRequired":true,"valueName":"search_term_string"}}],"inLanguage":"pl-PL"},{"@type":"Organization","@id":"https:\/\/exakt-personal.de\/#organization","name":"DOK\u0141ADNY PERSONEL","url":"https:\/\/exakt-personal.de\/","logo":{"@type":"ImageObject","inLanguage":"pl-PL","@id":"https:\/\/exakt-personal.de\/#\/schema\/logo\/image\/","url":"https:\/\/exakt-personal.de\/wp-content\/uploads\/2023\/01\/Exakt_Personal_Logo.png","contentUrl":"https:\/\/exakt-personal.de\/wp-content\/uploads\/2023\/01\/Exakt_Personal_Logo.png","width":266,"height":57,"caption":"EXAKT PERSONAL"},"image":{"@id":"https:\/\/exakt-personal.de\/#\/schema\/logo\/image\/"}}]}},"_links":{"self":[{"href":"https:\/\/exakt-personal.de\/pl\/wp-json\/wp\/v2\/pages\/1503","targetHints":{"allow":["GET"]}}],"collection":[{"href":"https:\/\/exakt-personal.de\/pl\/wp-json\/wp\/v2\/pages"}],"about":[{"href":"https:\/\/exakt-personal.de\/pl\/wp-json\/wp\/v2\/types\/page"}],"author":[{"embeddable":true,"href":"https:\/\/exakt-personal.de\/pl\/wp-json\/wp\/v2\/users\/1"}],"replies":[{"embeddable":true,"href":"https:\/\/exakt-personal.de\/pl\/wp-json\/wp\/v2\/comments?post=1503"}],"version-history":[{"count":0,"href":"https:\/\/exakt-personal.de\/pl\/wp-json\/wp\/v2\/pages\/1503\/revisions"}],"up":[{"embeddable":true,"href":"https:\/\/exakt-personal.de\/pl\/wp-json\/wp\/v2\/pages\/1467"}],"wp:attachment":[{"href":"https:\/\/exakt-personal.de\/pl\/wp-json\/wp\/v2\/media?parent=1503"}],"curies":[{"name":"wp","href":"https:\/\/api.w.org\/{rel}","templated":true}]}}