{"id":4098,"date":"2024-12-10T13:56:45","date_gmt":"2024-12-10T13:56:40","guid":{"rendered":"https:\/\/exakt-personal.i-media-design.de\/?page_id=4098"},"modified":"2025-08-06T10:32:45","modified_gmt":"2025-08-06T10:32:45","slug":"impressum-2","status":"publish","type":"page","link":"https:\/\/exakt-personal.de\/ru\/impressum-2\/","title":{"rendered":"\u041e\u0442\u0442\u0438\u0441\u043a"},"content":{"rendered":"<div data-elementor-type=\"wp-page\" data-elementor-id=\"4098\" class=\"elementor elementor-4098\" data-elementor-post-type=\"page\">\n\t\t\t\t\t\t<section class=\"elementor-section elementor-top-section elementor-element elementor-element-74bcef2c elementor-section-boxed elementor-section-height-default elementor-section-height-default\" data-id=\"74bcef2c\" data-element_type=\"section\" data-e-type=\"section\" data-settings=\"{&quot;background_background&quot;:&quot;classic&quot;}\">\n\t\t\t\t\t\t<div class=\"elementor-container elementor-column-gap-wider\">\n\t\t\t\t\t<div class=\"elementor-column elementor-col-100 elementor-top-column elementor-element elementor-element-47709e24\" data-id=\"47709e24\" data-element_type=\"column\" data-e-type=\"column\">\n\t\t\t<div class=\"elementor-widget-wrap elementor-element-populated\">\n\t\t\t\t\t\t<div class=\"elementor-element elementor-element-77a099c5 elementor-tabs-view-horizontal elementor-widget elementor-widget-tabs\" data-id=\"77a099c5\" data-element_type=\"widget\" data-e-type=\"widget\" data-widget_type=\"tabs.default\">\n\t\t\t\t<div class=\"elementor-widget-container\">\n\t\t\t\t\t\t\t<div class=\"elementor-tabs\">\n\t\t\t<div class=\"elementor-tabs-wrapper\" role=\"tablist\" >\n\t\t\t\t\t\t\t\t\t<div id=\"elementor-tab-title-2001\" class=\"elementor-tab-title elementor-tab-desktop-title\" aria-selected=\"true\" data-tab=\"1\" role=\"tab\" tabindex=\"0\" aria-controls=\"elementor-tab-content-2001\" aria-expanded=\"false\">\u0412\u042b \u041d\u0410\u0425\u041e\u0414\u0418\u0422\u0415\u0421\u042c \u0417\u0414\u0415\u0421\u042c:<\/div>\n\t\t\t\t\t\t\t\t\t<div id=\"elementor-tab-title-2002\" class=\"elementor-tab-title elementor-tab-desktop-title\" aria-selected=\"false\" data-tab=\"2\" role=\"tab\" tabindex=\"-1\" aria-controls=\"elementor-tab-content-2002\" aria-expanded=\"false\">\u041e\u0442\u0442\u0438\u0441\u043a<\/div>\n\t\t\t\t\t\t\t<\/div>\n\t\t\t<div class=\"elementor-tabs-content-wrapper\" role=\"tablist\" aria-orientation=\"vertical\">\n\t\t\t\t\t\t\t\t\t<div class=\"elementor-tab-title elementor-tab-mobile-title\" aria-selected=\"true\" data-tab=\"1\" role=\"tab\" tabindex=\"0\" aria-controls=\"elementor-tab-content-2001\" aria-expanded=\"false\">\u0412\u042b \u041d\u0410\u0425\u041e\u0414\u0418\u0422\u0415\u0421\u042c \u0417\u0414\u0415\u0421\u042c:<\/div>\n\t\t\t\t\t<div id=\"elementor-tab-content-2001\" class=\"elementor-tab-content elementor-clearfix\" data-tab=\"1\" role=\"tabpanel\" aria-labelledby=\"elementor-tab-title-2001\" tabindex=\"0\" hidden=\"false\"><\/div>\n\t\t\t\t\t\t\t\t\t<div class=\"elementor-tab-title elementor-tab-mobile-title\" aria-selected=\"false\" data-tab=\"2\" role=\"tab\" tabindex=\"-1\" aria-controls=\"elementor-tab-content-2002\" aria-expanded=\"false\">\u041e\u0442\u0442\u0438\u0441\u043a<\/div>\n\t\t\t\t\t<div id=\"elementor-tab-content-2002\" class=\"elementor-tab-content elementor-clearfix\" data-tab=\"2\" role=\"tabpanel\" aria-labelledby=\"elementor-tab-title-2002\" tabindex=\"0\" hidden=\"hidden\"><\/div>\n\t\t\t\t\t\t\t<\/div>\n\t\t<\/div>\n\t\t\t\t\t\t<\/div>\n\t\t\t\t<\/div>\n\t\t\t\t\t<\/div>\n\t\t<\/div>\n\t\t\t\t\t<\/div>\n\t\t<\/section>\n\t\t\t\t<section class=\"elementor-section elementor-top-section elementor-element elementor-element-985672a elementor-section-boxed elementor-section-height-default elementor-section-height-default\" data-id=\"985672a\" data-element_type=\"section\" data-e-type=\"section\">\n\t\t\t\t\t\t<div class=\"elementor-container elementor-column-gap-default\">\n\t\t\t\t\t<div class=\"elementor-column elementor-col-100 elementor-top-column elementor-element elementor-element-20c7f51\" data-id=\"20c7f51\" data-element_type=\"column\" data-e-type=\"column\">\n\t\t\t<div class=\"elementor-widget-wrap elementor-element-populated\">\n\t\t\t\t\t\t<div class=\"elementor-element elementor-element-3357ff87 elementor-widget elementor-widget-heading\" data-id=\"3357ff87\" data-element_type=\"widget\" data-e-type=\"widget\" data-widget_type=\"heading.default\">\n\t\t\t\t<div class=\"elementor-widget-container\">\n\t\t\t\t\t<h2 class=\"elementor-heading-title elementor-size-default\">\u041e\u0442\u0442\u0438\u0441\u043a<\/h2>\t\t\t\t<\/div>\n\t\t\t\t<\/div>\n\t\t\t\t\t<\/div>\n\t\t<\/div>\n\t\t\t\t\t<\/div>\n\t\t<\/section>\n\t\t\t\t<section class=\"elementor-section elementor-top-section elementor-element elementor-element-f0f5355 elementor-section-boxed elementor-section-height-default elementor-section-height-default\" data-id=\"f0f5355\" data-element_type=\"section\" data-e-type=\"section\">\n\t\t\t\t\t\t<div class=\"elementor-container elementor-column-gap-default\">\n\t\t\t\t\t<div class=\"elementor-column elementor-col-100 elementor-top-column elementor-element elementor-element-3ccc874\" data-id=\"3ccc874\" data-element_type=\"column\" data-e-type=\"column\">\n\t\t\t<div class=\"elementor-widget-wrap elementor-element-populated\">\n\t\t\t\t\t\t<div class=\"elementor-element elementor-element-11890fc elementor-widget elementor-widget-text-editor\" data-id=\"11890fc\" data-element_type=\"widget\" data-e-type=\"widget\" data-widget_type=\"text-editor.default\">\n\t\t\t\t<div class=\"elementor-widget-container\">\n\t\t\t\t\t\t\t\t\t<h6 class=\"text-center text--accent\">Exakt Personal GmbH<br \/>\u041d\u0438\u0434\u0435\u0440\u0437\u0430\u0445\u0441\u0435\u043d\u0448\u0442\u0440\u0430\u0441\u0441\u0435 9<br \/>D-49074 \u041e\u0441\u043d\u0430\u0431\u0440\u044e\u043a<br \/>\u0423\u043f\u0440\u0430\u0432\u043b\u044f\u044e\u0449\u0438\u0439 \u0434\u0438\u0440\u0435\u043a\u0442\u043e\u0440: \u041c\u0443\u0440\u0430\u0442 \u041a\u0430\u0440\u0438\u043a<\/h6><h6 class=\"text-center text--accent\">\u00a0<\/h6><h6 class=\"text-center text--accent\">\u0422\u0435\u043b\u0435\u0444\u043e\u043d: +49 (0) 541 \/ 911 900 - 50<br \/>\u0424\u0430\u043a\u0441: +49 (0) 541 \/ 911 900 - 66<br \/>E-mail: info@exakt-personal.de<br \/>\u0418\u043d\u0442\u0435\u0440\u043d\u0435\u0442: www.exakt-personal.de<\/h6><h6 class=\"text-center text--accent\">\u00a0<\/h6><h6 class=\"text-center text--accent\">\u00a0<\/h6><h6 class=\"text-center text--accent\">\u00a0<\/h6><h6 class=\"text-center text--accent\">HRB 208327<br \/>\u041c\u0435\u0441\u0442\u043d\u044b\u0439 \u0441\u0443\u0434 \u041e\u0441\u043d\u0430\u0431\u0440\u044e\u043a\u0430<br \/>\u041d\u0430\u043b\u043e\u0433\u043e\u0432\u044b\u0439 \u043d\u043e\u043c\u0435\u0440: 66\/200\/39506<br \/>\u0418\u0414\u0415\u041d\u0422\u0418\u0424\u0418\u041a\u0410\u0422\u041e\u0420 \u041d\u0414\u0421: DE294752105<\/h6>\t\t\t\t\t\t\t\t<\/div>\n\t\t\t\t<\/div>\n\t\t\t\t\t<\/div>\n\t\t<\/div>\n\t\t\t\t\t<\/div>\n\t\t<\/section>\n\t\t\t\t<section class=\"elementor-section elementor-top-section elementor-element elementor-element-2ea6caf elementor-section-boxed elementor-section-height-default elementor-section-height-default\" data-id=\"2ea6caf\" data-element_type=\"section\" data-e-type=\"section\">\n\t\t\t\t\t\t<div class=\"elementor-container elementor-column-gap-default\">\n\t\t\t\t\t<div class=\"elementor-column elementor-col-100 elementor-top-column elementor-element elementor-element-2c093cd\" data-id=\"2c093cd\" data-element_type=\"column\" data-e-type=\"column\">\n\t\t\t<div class=\"elementor-widget-wrap elementor-element-populated\">\n\t\t\t\t\t\t<div class=\"elementor-element elementor-element-55f2bec elementor-widget elementor-widget-image\" data-id=\"55f2bec\" data-element_type=\"widget\" data-e-type=\"widget\" data-widget_type=\"image.default\">\n\t\t\t\t<div class=\"elementor-widget-container\">\n\t\t\t\t\t\t\t\t\t\t\t\t\t\t\t<img fetchpriority=\"high\" decoding=\"async\" width=\"519\" height=\"246\" src=\"https:\/\/exakt-personal.de\/wp-content\/uploads\/2024\/12\/gvp-logo-mitglied-quer-weiss-rgb.png\" class=\"attachment-large size-large wp-image-4088\" alt=\"\" srcset=\"https:\/\/exakt-personal.de\/wp-content\/uploads\/2024\/12\/gvp-logo-mitglied-quer-weiss-rgb.png 519w, https:\/\/exakt-personal.de\/wp-content\/uploads\/2024\/12\/gvp-logo-mitglied-quer-weiss-rgb-300x142.png 300w, https:\/\/exakt-personal.de\/wp-content\/uploads\/2024\/12\/gvp-logo-mitglied-quer-weiss-rgb-18x9.png 18w\" sizes=\"(max-width: 519px) 100vw, 519px\" \/>\t\t\t\t\t\t\t\t\t\t\t\t\t\t\t<\/div>\n\t\t\t\t<\/div>\n\t\t\t\t<div class=\"elementor-element elementor-element-aa2f2dd elementor-widget elementor-widget-text-editor\" data-id=\"aa2f2dd\" data-element_type=\"widget\" data-e-type=\"widget\" data-widget_type=\"text-editor.default\">\n\t\t\t\t<div class=\"elementor-widget-container\">\n\t\t\t\t\t\t\t\t\t<p>\u041c\u044b \u0440\u0430\u0431\u043e\u0442\u0430\u0435\u043c \u0438\u0441\u043a\u043b\u044e\u0447\u0438\u0442\u0435\u043b\u044c\u043d\u043e \u043d\u0430 \u043e\u0441\u043d\u043e\u0432\u0435 \u043f\u043e\u0441\u043b\u0435\u0434\u043d\u0435\u0439 \u0432\u0435\u0440\u0441\u0438\u0438 \u043a\u043e\u043b\u043b\u0435\u043a\u0442\u0438\u0432\u043d\u043e\u0433\u043e \u0442\u0440\u0443\u0434\u043e\u0432\u043e\u0433\u043e \u0434\u043e\u0433\u043e\u0432\u043e\u0440\u0430 GVP<\/p>\t\t\t\t\t\t\t\t<\/div>\n\t\t\t\t<\/div>\n\t\t\t\t\t<\/div>\n\t\t<\/div>\n\t\t\t\t\t<\/div>\n\t\t<\/section>\n\t\t\t\t<\/div>","protected":false},"excerpt":{"rendered":"<p>DU BEFINDEST DICH HIER: Impressum DU BEFINDEST DICH HIER: Impressum Impressum Exakt Personal GmbHNiedersachsenstra\u00dfe 9D-49074 Osnabr\u00fcckGesch\u00e4ftsf\u00fchrer: Murat Carik \u00a0 Tel.: +49 (0) 541 \/ 911 900 &#8211; 50Fax: +49 (0) 541 \/ 911 900 &#8211; 66E-Mail: info@exakt-personal.deInternet: www.exakt-personal.de \u00a0 \u00a0 \u00a0 HRB 208327Amtsgericht Osnabr\u00fcckSteuer-Nr.: 66\/200\/39506USt.-ID: DE294752105 Wir arbeiten ausschlie\u00dflich auf der Grundlage des GVP-Tarifvertrages, jeweils [&hellip;]<\/p>","protected":false},"author":1,"featured_media":0,"parent":0,"menu_order":10,"comment_status":"closed","ping_status":"closed","template":"elementor_header_footer","meta":{"site-sidebar-layout":"no-sidebar","site-content-layout":"page-builder","ast-site-content-layout":"default","site-content-style":"default","site-sidebar-style":"default","ast-global-header-display":"","ast-banner-title-visibility":"","ast-main-header-display":"","ast-hfb-above-header-display":"","ast-hfb-below-header-display":"","ast-hfb-mobile-header-display":"","site-post-title":"disabled","ast-breadcrumbs-content":"","ast-featured-img":"disabled","footer-sml-layout":"","ast-disable-related-posts":"","theme-transparent-header-meta":"","adv-header-id-meta":"","stick-header-meta":"","header-above-stick-meta":"","header-main-stick-meta":"","header-below-stick-meta":"","astra-migrate-meta-layouts":"default","ast-page-background-enabled":"default","ast-page-background-meta":{"desktop":{"background-color":"var(--ast-global-color-4)","background-image":"","background-repeat":"repeat","background-position":"center center","background-size":"auto","background-attachment":"scroll","background-type":"","background-media":"","overlay-type":"","overlay-color":"","overlay-opacity":"","overlay-gradient":""},"tablet":{"background-color":"","background-image":"","background-repeat":"repeat","background-position":"center center","background-size":"auto","background-attachment":"scroll","background-type":"","background-media":"","overlay-type":"","overlay-color":"","overlay-opacity":"","overlay-gradient":""},"mobile":{"background-color":"","background-image":"","background-repeat":"repeat","background-position":"center center","background-size":"auto","background-attachment":"scroll","background-type":"","background-media":"","overlay-type":"","overlay-color":"","overlay-opacity":"","overlay-gradient":""}},"ast-content-background-meta":{"desktop":{"background-color":"var(--ast-global-color-5)","background-image":"","background-repeat":"repeat","background-position":"center center","background-size":"auto","background-attachment":"scroll","background-type":"","background-media":"","overlay-type":"","overlay-color":"","overlay-opacity":"","overlay-gradient":""},"tablet":{"background-color":"var(--ast-global-color-5)","background-image":"","background-repeat":"repeat","background-position":"center center","background-size":"auto","background-attachment":"scroll","background-type":"","background-media":"","overlay-type":"","overlay-color":"","overlay-opacity":"","overlay-gradient":""},"mobile":{"background-color":"var(--ast-global-color-5)","background-image":"","background-repeat":"repeat","background-position":"center center","background-size":"auto","background-attachment":"scroll","background-type":"","background-media":"","overlay-type":"","overlay-color":"","overlay-opacity":"","overlay-gradient":""}},"footnotes":""},"class_list":["post-4098","page","type-page","status-publish","hentry"],"yoast_head":"<!-- This site is optimized with the Yoast SEO plugin v27.3 - https:\/\/yoast.com\/product\/yoast-seo-wordpress\/ -->\n<title>Impressum - EXAKT PERSONAL<\/title>\n<meta name=\"robots\" content=\"index, follow, max-snippet:-1, max-image-preview:large, max-video-preview:-1\" \/>\n<link rel=\"canonical\" href=\"https:\/\/exakt-personal.de\/ru\/impressum-2\/\" \/>\n<meta property=\"og:locale\" content=\"ru_RU\" \/>\n<meta property=\"og:type\" content=\"article\" \/>\n<meta property=\"og:title\" content=\"Impressum - EXAKT PERSONAL\" \/>\n<meta property=\"og:description\" content=\"DU BEFINDEST DICH HIER: Impressum DU BEFINDEST DICH HIER: Impressum Impressum Exakt Personal GmbHNiedersachsenstra\u00dfe 9D-49074 Osnabr\u00fcckGesch\u00e4ftsf\u00fchrer: Murat Carik \u00a0 Tel.: +49 (0) 541 \/ 911 900 &#8211; 50Fax: +49 (0) 541 \/ 911 900 &#8211; 66E-Mail: info@exakt-personal.deInternet: www.exakt-personal.de \u00a0 \u00a0 \u00a0 HRB 208327Amtsgericht Osnabr\u00fcckSteuer-Nr.: 66\/200\/39506USt.-ID: DE294752105 Wir arbeiten ausschlie\u00dflich auf der Grundlage des GVP-Tarifvertrages, jeweils [&hellip;]\" \/>\n<meta property=\"og:url\" content=\"https:\/\/exakt-personal.de\/ru\/impressum-2\/\" \/>\n<meta property=\"og:site_name\" content=\"EXAKT PERSONAL\" \/>\n<meta property=\"article:modified_time\" content=\"2025-08-06T10:32:45+00:00\" \/>\n<meta property=\"og:image\" content=\"https:\/\/exakt-personal.de\/wp-content\/uploads\/2024\/12\/gvp-logo-mitglied-quer-weiss-rgb.png\" \/>\n\t<meta property=\"og:image:width\" content=\"519\" \/>\n\t<meta property=\"og:image:height\" content=\"246\" \/>\n\t<meta property=\"og:image:type\" content=\"image\/png\" \/>\n<meta name=\"twitter:card\" content=\"summary_large_image\" \/>\n<meta name=\"twitter:label1\" content=\"\u041f\u0440\u0438\u043c\u0435\u0440\u043d\u043e\u0435 \u0432\u0440\u0435\u043c\u044f \u0434\u043b\u044f \u0447\u0442\u0435\u043d\u0438\u044f\" \/>\n\t<meta name=\"twitter:data1\" content=\"1 \u043c\u0438\u043d\u0443\u0442\u0430\" \/>\n<!-- \/ Yoast SEO plugin. -->","yoast_head_json":{"title":"Impressum - EXAKT PERSONAL","robots":{"index":"index","follow":"follow","max-snippet":"max-snippet:-1","max-image-preview":"max-image-preview:large","max-video-preview":"max-video-preview:-1"},"canonical":"https:\/\/exakt-personal.de\/ru\/impressum-2\/","og_locale":"ru_RU","og_type":"article","og_title":"Impressum - EXAKT PERSONAL","og_description":"DU BEFINDEST DICH HIER: Impressum DU BEFINDEST DICH HIER: Impressum Impressum Exakt Personal GmbHNiedersachsenstra\u00dfe 9D-49074 Osnabr\u00fcckGesch\u00e4ftsf\u00fchrer: Murat Carik \u00a0 Tel.: +49 (0) 541 \/ 911 900 &#8211; 50Fax: +49 (0) 541 \/ 911 900 &#8211; 66E-Mail: info@exakt-personal.deInternet: www.exakt-personal.de \u00a0 \u00a0 \u00a0 HRB 208327Amtsgericht Osnabr\u00fcckSteuer-Nr.: 66\/200\/39506USt.-ID: DE294752105 Wir arbeiten ausschlie\u00dflich auf der Grundlage des GVP-Tarifvertrages, jeweils [&hellip;]","og_url":"https:\/\/exakt-personal.de\/ru\/impressum-2\/","og_site_name":"EXAKT PERSONAL","article_modified_time":"2025-08-06T10:32:45+00:00","og_image":[{"width":519,"height":246,"url":"https:\/\/exakt-personal.de\/wp-content\/uploads\/2024\/12\/gvp-logo-mitglied-quer-weiss-rgb.png","type":"image\/png"}],"twitter_card":"summary_large_image","twitter_misc":{"\u041f\u0440\u0438\u043c\u0435\u0440\u043d\u043e\u0435 \u0432\u0440\u0435\u043c\u044f \u0434\u043b\u044f \u0447\u0442\u0435\u043d\u0438\u044f":"1 \u043c\u0438\u043d\u0443\u0442\u0430"},"schema":{"@context":"https:\/\/schema.org","@graph":[{"@type":"WebPage","@id":"https:\/\/exakt-personal.de\/impressum-2\/","url":"https:\/\/exakt-personal.de\/impressum-2\/","name":"Impressum - EXAKT PERSONAL","isPartOf":{"@id":"https:\/\/exakt-personal.de\/#website"},"primaryImageOfPage":{"@id":"https:\/\/exakt-personal.de\/impressum-2\/#primaryimage"},"image":{"@id":"https:\/\/exakt-personal.de\/impressum-2\/#primaryimage"},"thumbnailUrl":"https:\/\/exakt-personal.de\/wp-content\/uploads\/2024\/12\/gvp-logo-mitglied-quer-weiss-rgb.png","datePublished":"2024-12-10T13:56:40+00:00","dateModified":"2025-08-06T10:32:45+00:00","breadcrumb":{"@id":"https:\/\/exakt-personal.de\/impressum-2\/#breadcrumb"},"inLanguage":"ru-RU","potentialAction":[{"@type":"ReadAction","target":["https:\/\/exakt-personal.de\/impressum-2\/"]}]},{"@type":"ImageObject","inLanguage":"ru-RU","@id":"https:\/\/exakt-personal.de\/impressum-2\/#primaryimage","url":"https:\/\/exakt-personal.de\/wp-content\/uploads\/2024\/12\/gvp-logo-mitglied-quer-weiss-rgb.png","contentUrl":"https:\/\/exakt-personal.de\/wp-content\/uploads\/2024\/12\/gvp-logo-mitglied-quer-weiss-rgb.png"},{"@type":"BreadcrumbList","@id":"https:\/\/exakt-personal.de\/impressum-2\/#breadcrumb","itemListElement":[{"@type":"ListItem","position":1,"name":"Startseite","item":"https:\/\/exakt-personal.de\/"},{"@type":"ListItem","position":2,"name":"Impressum"}]},{"@type":"WebSite","@id":"https:\/\/exakt-personal.de\/#website","url":"https:\/\/exakt-personal.de\/","name":"\u0422\u041e\u0427\u041d\u042b\u0419 \u041f\u0415\u0420\u0421\u041e\u041d\u0410\u041b","description":"COMPETENCE IN PEOPLE","publisher":{"@id":"https:\/\/exakt-personal.de\/#organization"},"potentialAction":[{"@type":"SearchAction","target":{"@type":"EntryPoint","urlTemplate":"https:\/\/exakt-personal.de\/?s={search_term_string}"},"query-input":{"@type":"PropertyValueSpecification","valueRequired":true,"valueName":"search_term_string"}}],"inLanguage":"ru-RU"},{"@type":"Organization","@id":"https:\/\/exakt-personal.de\/#organization","name":"\u0422\u041e\u0427\u041d\u042b\u0419 \u041f\u0415\u0420\u0421\u041e\u041d\u0410\u041b","url":"https:\/\/exakt-personal.de\/","logo":{"@type":"ImageObject","inLanguage":"ru-RU","@id":"https:\/\/exakt-personal.de\/#\/schema\/logo\/image\/","url":"https:\/\/exakt-personal.de\/wp-content\/uploads\/2023\/01\/Exakt_Personal_Logo.png","contentUrl":"https:\/\/exakt-personal.de\/wp-content\/uploads\/2023\/01\/Exakt_Personal_Logo.png","width":266,"height":57,"caption":"EXAKT PERSONAL"},"image":{"@id":"https:\/\/exakt-personal.de\/#\/schema\/logo\/image\/"}}]}},"_links":{"self":[{"href":"https:\/\/exakt-personal.de\/ru\/wp-json\/wp\/v2\/pages\/4098","targetHints":{"allow":["GET"]}}],"collection":[{"href":"https:\/\/exakt-personal.de\/ru\/wp-json\/wp\/v2\/pages"}],"about":[{"href":"https:\/\/exakt-personal.de\/ru\/wp-json\/wp\/v2\/types\/page"}],"author":[{"embeddable":true,"href":"https:\/\/exakt-personal.de\/ru\/wp-json\/wp\/v2\/users\/1"}],"replies":[{"embeddable":true,"href":"https:\/\/exakt-personal.de\/ru\/wp-json\/wp\/v2\/comments?post=4098"}],"version-history":[{"count":0,"href":"https:\/\/exakt-personal.de\/ru\/wp-json\/wp\/v2\/pages\/4098\/revisions"}],"wp:attachment":[{"href":"https:\/\/exakt-personal.de\/ru\/wp-json\/wp\/v2\/media?parent=4098"}],"curies":[{"name":"wp","href":"https:\/\/api.w.org\/{rel}","templated":true}]}}