{"id":4995,"date":"2025-07-02T09:50:58","date_gmt":"2025-07-02T09:50:58","guid":{"rendered":"https:\/\/exakt-personal.i-media-design.de\/?page_id=4995"},"modified":"2025-07-02T09:59:16","modified_gmt":"2025-07-02T09:59:16","slug":"weiterbildung","status":"publish","type":"page","link":"https:\/\/exakt-personal.de\/tr\/weiterbildung\/","title":{"rendered":"\u0130leri e\u011fitim"},"content":{"rendered":"<div data-elementor-type=\"wp-page\" data-elementor-id=\"4995\" class=\"elementor elementor-4995\" data-elementor-post-type=\"page\">\n\t\t\t\t\t\t<section class=\"elementor-section elementor-top-section elementor-element elementor-element-3d11e6d elementor-section-full_width elementor-section-height-min-height elementor-section-height-default elementor-section-items-middle\" data-id=\"3d11e6d\" data-element_type=\"section\" data-e-type=\"section\" data-settings=\"{&quot;background_background&quot;:&quot;slideshow&quot;,&quot;background_slideshow_gallery&quot;:[{&quot;id&quot;:4997,&quot;url&quot;:&quot;https:\\\/\\\/exakt-personal.de\\\/wp-content\\\/uploads\\\/2025\\\/07\\\/forklift-warehouse-scaled-1.webp&quot;}],&quot;background_slideshow_loop&quot;:&quot;yes&quot;,&quot;background_slideshow_slide_duration&quot;:5000,&quot;background_slideshow_slide_transition&quot;:&quot;fade&quot;,&quot;background_slideshow_transition_duration&quot;:500}\">\n\t\t\t\t\t\t\t<div class=\"elementor-background-overlay\"><\/div>\n\t\t\t\t\t\t\t<div class=\"elementor-container elementor-column-gap-default\">\n\t\t\t\t\t<div class=\"elementor-column elementor-col-100 elementor-top-column elementor-element elementor-element-acfe92c\" data-id=\"acfe92c\" data-element_type=\"column\" data-e-type=\"column\">\n\t\t\t<div class=\"elementor-widget-wrap elementor-element-populated\">\n\t\t\t\t\t\t<section class=\"elementor-section elementor-inner-section elementor-element elementor-element-6b71dbb elementor-section-boxed elementor-section-height-default elementor-section-height-default\" data-id=\"6b71dbb\" data-element_type=\"section\" data-e-type=\"section\">\n\t\t\t\t\t\t<div class=\"elementor-container elementor-column-gap-default\">\n\t\t\t\t\t<div class=\"elementor-column elementor-col-100 elementor-inner-column elementor-element elementor-element-6102f5e\" data-id=\"6102f5e\" data-element_type=\"column\" data-e-type=\"column\">\n\t\t\t<div class=\"elementor-widget-wrap elementor-element-populated\">\n\t\t\t\t\t\t<div class=\"elementor-element elementor-element-6bfda8b elementor-headline--style-highlight elementor-widget elementor-widget-animated-headline\" data-id=\"6bfda8b\" data-element_type=\"widget\" data-e-type=\"widget\" data-settings=\"{&quot;marker&quot;:&quot;double_underline&quot;,&quot;highlighted_text&quot;:&quot;Steigern Sie Ihre Jobchancen&quot;,&quot;headline_style&quot;:&quot;highlight&quot;,&quot;loop&quot;:&quot;yes&quot;,&quot;highlight_animation_duration&quot;:1200,&quot;highlight_iteration_delay&quot;:8000}\" data-widget_type=\"animated-headline.default\">\n\t\t\t\t<div class=\"elementor-widget-container\">\n\t\t\t\t\t\t\t<h3 class=\"elementor-headline\">\n\t\t\t\t\t<span class=\"elementor-headline-plain-text elementor-headline-text-wrapper\">\u0130leri e\u011fitim:<\/span>\n\t\t\t\t<span class=\"elementor-headline-dynamic-wrapper elementor-headline-text-wrapper\">\n\t\t\t\t\t<span class=\"elementor-headline-dynamic-text elementor-headline-text-active\">\u0130\u015f f\u0131rsatlar\u0131n\u0131z\u0131 art\u0131r\u0131n<\/span>\n\t\t\t\t<\/span>\n\t\t\t\t<\/h3>\n\t\t\t\t\t\t<\/div>\n\t\t\t\t<\/div>\n\t\t\t\t\t<\/div>\n\t\t<\/div>\n\t\t\t\t\t<\/div>\n\t\t<\/section>\n\t\t\t\t\t<\/div>\n\t\t<\/div>\n\t\t\t\t\t<\/div>\n\t\t<\/section>\n\t\t\t\t<section class=\"elementor-section elementor-top-section elementor-element elementor-element-3a4accd elementor-section-boxed elementor-section-height-default elementor-section-height-default\" data-id=\"3a4accd\" data-element_type=\"section\" data-e-type=\"section\">\n\t\t\t\t\t\t<div class=\"elementor-container elementor-column-gap-default\">\n\t\t\t\t\t<div class=\"elementor-column elementor-col-100 elementor-top-column elementor-element elementor-element-6bf6d44\" data-id=\"6bf6d44\" data-element_type=\"column\" data-e-type=\"column\">\n\t\t\t<div class=\"elementor-widget-wrap elementor-element-populated\">\n\t\t\t\t\t\t<div class=\"elementor-element elementor-element-919f805 elementor-widget elementor-widget-heading\" data-id=\"919f805\" data-element_type=\"widget\" data-e-type=\"widget\" data-widget_type=\"heading.default\">\n\t\t\t\t<div class=\"elementor-widget-container\">\n\t\t\t\t\t<h2 class=\"elementor-heading-title elementor-size-default\">Sertifikal\u0131 orta\u011f\u0131m\u0131z Experia Academy ile birlikte, size tan\u0131nm\u0131\u015f niteliklere do\u011frudan bir yol sunuyoruz. Forkliftler, hava \u00e7al\u0131\u015fma platformlar\u0131 ve daha fazlas\u0131 i\u00e7in gerekli lisanslar\u0131 al\u0131n ve lojistik ve end\u00fcstrideki en iyi i\u015fleri g\u00fcvence alt\u0131na al\u0131n.<\/h2>\t\t\t\t<\/div>\n\t\t\t\t<\/div>\n\t\t\t\t\t<\/div>\n\t\t<\/div>\n\t\t\t\t\t<\/div>\n\t\t<\/section>\n\t\t\t\t<section class=\"elementor-section elementor-top-section elementor-element elementor-element-d3c7ae9 elementor-section-boxed elementor-section-height-default elementor-section-height-default\" data-id=\"d3c7ae9\" data-element_type=\"section\" data-e-type=\"section\">\n\t\t\t\t\t\t<div class=\"elementor-container elementor-column-gap-default\">\n\t\t\t\t\t<div class=\"elementor-column elementor-col-100 elementor-top-column elementor-element elementor-element-91b95f0\" data-id=\"91b95f0\" data-element_type=\"column\" data-e-type=\"column\">\n\t\t\t<div class=\"elementor-widget-wrap elementor-element-populated\">\n\t\t\t\t\t\t<div class=\"elementor-element elementor-element-ccda49b elementor-align-center elementor-widget__width-auto elementor-widget elementor-widget-button\" data-id=\"ccda49b\" data-element_type=\"widget\" data-e-type=\"widget\" data-widget_type=\"button.default\">\n\t\t\t\t<div class=\"elementor-widget-container\">\n\t\t\t\t\t\t\t\t\t<div class=\"elementor-button-wrapper\">\n\t\t\t\t\t<a class=\"elementor-button elementor-button-link elementor-size-sm\" href=\"https:\/\/experia-akademie.de\" target=\"_blank\">\n\t\t\t\t\t\t<span class=\"elementor-button-content-wrapper\">\n\t\t\t\t\t\t\t\t\t<span class=\"elementor-button-text\">Kurstaki yerinizi \u015fimdi ay\u0131rt\u0131n <\/span>\n\t\t\t\t\t<\/span>\n\t\t\t\t\t<\/a>\n\t\t\t\t<\/div>\n\t\t\t\t\t\t\t\t<\/div>\n\t\t\t\t<\/div>\n\t\t\t\t\t<\/div>\n\t\t<\/div>\n\t\t\t\t\t<\/div>\n\t\t<\/section>\n\t\t\t\t<\/div>","protected":false},"excerpt":{"rendered":"<p>Weiterbildung: Steigern Sie Ihre Jobchancen Gemeinsam mit unserem zertifizierten Partner, der Experia Akademie, bieten wir Ihnen den direkten Weg zu anerkannten Qualifikationen. Erwerben Sie die n\u00f6tigen Scheine f\u00fcr Gabelstapler, Hubarbeitsb\u00fchnen und mehr, und sichern Sie sich die besten Jobs in Logistik und Industrie. Jetzt Kursplatz sichern<\/p>","protected":false},"author":1,"featured_media":0,"parent":0,"menu_order":4,"comment_status":"closed","ping_status":"closed","template":"","meta":{"site-sidebar-layout":"no-sidebar","site-content-layout":"page-builder","ast-site-content-layout":"full-width-container","site-content-style":"default","site-sidebar-style":"default","ast-global-header-display":"","ast-banner-title-visibility":"","ast-main-header-display":"","ast-hfb-above-header-display":"","ast-hfb-below-header-display":"","ast-hfb-mobile-header-display":"","site-post-title":"disabled","ast-breadcrumbs-content":"","ast-featured-img":"disabled","footer-sml-layout":"","ast-disable-related-posts":"","theme-transparent-header-meta":"","adv-header-id-meta":"","stick-header-meta":"","header-above-stick-meta":"","header-main-stick-meta":"","header-below-stick-meta":"","astra-migrate-meta-layouts":"set","ast-page-background-enabled":"default","ast-page-background-meta":{"desktop":{"background-color":"var(--ast-global-color-4)","background-image":"","background-repeat":"repeat","background-position":"center center","background-size":"auto","background-attachment":"scroll","background-type":"","background-media":"","overlay-type":"","overlay-color":"","overlay-opacity":"","overlay-gradient":""},"tablet":{"background-color":"","background-image":"","background-repeat":"repeat","background-position":"center center","background-size":"auto","background-attachment":"scroll","background-type":"","background-media":"","overlay-type":"","overlay-color":"","overlay-opacity":"","overlay-gradient":""},"mobile":{"background-color":"","background-image":"","background-repeat":"repeat","background-position":"center center","background-size":"auto","background-attachment":"scroll","background-type":"","background-media":"","overlay-type":"","overlay-color":"","overlay-opacity":"","overlay-gradient":""}},"ast-content-background-meta":{"desktop":{"background-color":"var(--ast-global-color-5)","background-image":"","background-repeat":"repeat","background-position":"center center","background-size":"auto","background-attachment":"scroll","background-type":"","background-media":"","overlay-type":"","overlay-color":"","overlay-opacity":"","overlay-gradient":""},"tablet":{"background-color":"var(--ast-global-color-5)","background-image":"","background-repeat":"repeat","background-position":"center center","background-size":"auto","background-attachment":"scroll","background-type":"","background-media":"","overlay-type":"","overlay-color":"","overlay-opacity":"","overlay-gradient":""},"mobile":{"background-color":"var(--ast-global-color-5)","background-image":"","background-repeat":"repeat","background-position":"center center","background-size":"auto","background-attachment":"scroll","background-type":"","background-media":"","overlay-type":"","overlay-color":"","overlay-opacity":"","overlay-gradient":""}},"footnotes":""},"class_list":["post-4995","page","type-page","status-publish","hentry"],"yoast_head":"<!-- This site is optimized with the Yoast SEO plugin v27.3 - https:\/\/yoast.com\/product\/yoast-seo-wordpress\/ -->\n<title>Weiterbildung - EXAKT PERSONAL<\/title>\n<meta name=\"robots\" content=\"index, follow, max-snippet:-1, max-image-preview:large, max-video-preview:-1\" \/>\n<link rel=\"canonical\" href=\"https:\/\/exakt-personal.de\/tr\/weiterbildung\/\" \/>\n<meta property=\"og:locale\" content=\"tr_TR\" \/>\n<meta property=\"og:type\" content=\"article\" \/>\n<meta property=\"og:title\" content=\"Weiterbildung - EXAKT PERSONAL\" \/>\n<meta property=\"og:description\" content=\"Weiterbildung: Steigern Sie Ihre Jobchancen Gemeinsam mit unserem zertifizierten Partner, der Experia Akademie, bieten wir Ihnen den direkten Weg zu anerkannten Qualifikationen. Erwerben Sie die n\u00f6tigen Scheine f\u00fcr Gabelstapler, Hubarbeitsb\u00fchnen und mehr, und sichern Sie sich die besten Jobs in Logistik und Industrie. Jetzt Kursplatz sichern\" \/>\n<meta property=\"og:url\" content=\"https:\/\/exakt-personal.de\/tr\/weiterbildung\/\" \/>\n<meta property=\"og:site_name\" content=\"EXAKT PERSONAL\" \/>\n<meta property=\"article:modified_time\" content=\"2025-07-02T09:59:16+00:00\" \/>\n<meta name=\"twitter:card\" content=\"summary_large_image\" \/>\n<meta name=\"twitter:label1\" content=\"Tahmini okuma s\u00fcresi\" \/>\n\t<meta name=\"twitter:data1\" content=\"1 dakika\" \/>\n<!-- \/ Yoast SEO plugin. -->","yoast_head_json":{"title":"Weiterbildung - EXAKT PERSONAL","robots":{"index":"index","follow":"follow","max-snippet":"max-snippet:-1","max-image-preview":"max-image-preview:large","max-video-preview":"max-video-preview:-1"},"canonical":"https:\/\/exakt-personal.de\/tr\/weiterbildung\/","og_locale":"tr_TR","og_type":"article","og_title":"Weiterbildung - EXAKT PERSONAL","og_description":"Weiterbildung: Steigern Sie Ihre Jobchancen Gemeinsam mit unserem zertifizierten Partner, der Experia Akademie, bieten wir Ihnen den direkten Weg zu anerkannten Qualifikationen. Erwerben Sie die n\u00f6tigen Scheine f\u00fcr Gabelstapler, Hubarbeitsb\u00fchnen und mehr, und sichern Sie sich die besten Jobs in Logistik und Industrie. Jetzt Kursplatz sichern","og_url":"https:\/\/exakt-personal.de\/tr\/weiterbildung\/","og_site_name":"EXAKT PERSONAL","article_modified_time":"2025-07-02T09:59:16+00:00","twitter_card":"summary_large_image","twitter_misc":{"Tahmini okuma s\u00fcresi":"1 dakika"},"schema":{"@context":"https:\/\/schema.org","@graph":[{"@type":"WebPage","@id":"https:\/\/exakt-personal.de\/weiterbildung\/","url":"https:\/\/exakt-personal.de\/weiterbildung\/","name":"Weiterbildung - EXAKT PERSONAL","isPartOf":{"@id":"https:\/\/exakt-personal.de\/#website"},"datePublished":"2025-07-02T09:50:58+00:00","dateModified":"2025-07-02T09:59:16+00:00","breadcrumb":{"@id":"https:\/\/exakt-personal.de\/weiterbildung\/#breadcrumb"},"inLanguage":"tr","potentialAction":[{"@type":"ReadAction","target":["https:\/\/exakt-personal.de\/weiterbildung\/"]}]},{"@type":"BreadcrumbList","@id":"https:\/\/exakt-personal.de\/weiterbildung\/#breadcrumb","itemListElement":[{"@type":"ListItem","position":1,"name":"Startseite","item":"https:\/\/exakt-personal.de\/"},{"@type":"ListItem","position":2,"name":"Weiterbildung"}]},{"@type":"WebSite","@id":"https:\/\/exakt-personal.de\/#website","url":"https:\/\/exakt-personal.de\/","name":"TAM PERSONEL","description":"COMPETENCE IN PEOPLE","publisher":{"@id":"https:\/\/exakt-personal.de\/#organization"},"potentialAction":[{"@type":"SearchAction","target":{"@type":"EntryPoint","urlTemplate":"https:\/\/exakt-personal.de\/?s={search_term_string}"},"query-input":{"@type":"PropertyValueSpecification","valueRequired":true,"valueName":"search_term_string"}}],"inLanguage":"tr"},{"@type":"Organization","@id":"https:\/\/exakt-personal.de\/#organization","name":"TAM PERSONEL","url":"https:\/\/exakt-personal.de\/","logo":{"@type":"ImageObject","inLanguage":"tr","@id":"https:\/\/exakt-personal.de\/#\/schema\/logo\/image\/","url":"https:\/\/exakt-personal.de\/wp-content\/uploads\/2023\/01\/Exakt_Personal_Logo.png","contentUrl":"https:\/\/exakt-personal.de\/wp-content\/uploads\/2023\/01\/Exakt_Personal_Logo.png","width":266,"height":57,"caption":"EXAKT PERSONAL"},"image":{"@id":"https:\/\/exakt-personal.de\/#\/schema\/logo\/image\/"}}]}},"_links":{"self":[{"href":"https:\/\/exakt-personal.de\/tr\/wp-json\/wp\/v2\/pages\/4995","targetHints":{"allow":["GET"]}}],"collection":[{"href":"https:\/\/exakt-personal.de\/tr\/wp-json\/wp\/v2\/pages"}],"about":[{"href":"https:\/\/exakt-personal.de\/tr\/wp-json\/wp\/v2\/types\/page"}],"author":[{"embeddable":true,"href":"https:\/\/exakt-personal.de\/tr\/wp-json\/wp\/v2\/users\/1"}],"replies":[{"embeddable":true,"href":"https:\/\/exakt-personal.de\/tr\/wp-json\/wp\/v2\/comments?post=4995"}],"version-history":[{"count":0,"href":"https:\/\/exakt-personal.de\/tr\/wp-json\/wp\/v2\/pages\/4995\/revisions"}],"wp:attachment":[{"href":"https:\/\/exakt-personal.de\/tr\/wp-json\/wp\/v2\/media?parent=4995"}],"curies":[{"name":"wp","href":"https:\/\/api.w.org\/{rel}","templated":true}]}}